{"id":79,"date":"2024-12-11T23:16:12","date_gmt":"2024-12-11T22:16:12","guid":{"rendered":"https:\/\/www.switchchat.esecetudiant.fr\/?page_id=79"},"modified":"2024-12-12T00:19:07","modified_gmt":"2024-12-11T23:19:07","slug":"ratchet-2","status":"publish","type":"page","link":"https:\/\/www.switchchat.esecetudiant.fr\/index.php\/ratchet-2\/","title":{"rendered":"Ratchet 2"},"content":{"rendered":"\t\t<div data-elementor-type=\"wp-page\" data-elementor-id=\"79\" class=\"elementor elementor-79\">\n\t\t\t\t<div class=\"elementor-element elementor-element-63d06fc e-grid e-con-boxed e-con e-parent\" data-id=\"63d06fc\" data-element_type=\"container\">\n\t\t\t\t\t<div class=\"e-con-inner\">\n\t\t\t\t<div class=\"elementor-element elementor-element-559afb3 elementor-widget elementor-widget-text-editor\" data-id=\"559afb3\" data-element_type=\"widget\" data-widget_type=\"text-editor.default\">\n\t\t\t\t<div class=\"elementor-widget-container\">\n\t\t\t\t\t\t\t<p>Comme pour le premier opus, voici le guide des technique de base \u00e0 savoir. Beaucoup plus cours que le premier car Ratchet 2 et 3 utilise \u00e9norm\u00e9ment de technique commune.\u00a0<\/p><p><a href=\"https:\/\/www.switchchat.esecetudiant.fr\/index.php\/ratchet-3\/\">Guide complet sur la page du 3<\/a><\/p>\t\t\t\t\t\t<\/div>\n\t\t\t\t<\/div>\n\t\t\t\t<div class=\"elementor-element elementor-element-70b9a28 elementor-widget elementor-widget-video\" data-id=\"70b9a28\" data-element_type=\"widget\" data-settings=\"{&quot;youtube_url&quot;:&quot;https:\\\/\\\/www.youtube.com\\\/watch?v=O1CdgkgLxNY&quot;,&quot;video_type&quot;:&quot;youtube&quot;,&quot;controls&quot;:&quot;yes&quot;}\" data-widget_type=\"video.default\">\n\t\t\t\t<div class=\"elementor-widget-container\">\n\t\t\t\t\t<div class=\"elementor-wrapper elementor-open-inline\">\n\t\t\t<div class=\"elementor-video\"><\/div>\t\t<\/div>\n\t\t\t\t<\/div>\n\t\t\t\t<\/div>\n\t\t\t\t\t<\/div>\n\t\t\t\t<\/div>\n\t\t\t\t<\/div>\n\t\t","protected":false},"excerpt":{"rendered":"<p>Comme pour le premier opus, voici le guide des technique de base \u00e0 savoir. Beaucoup plus cours que le premier car Ratchet 2 et 3 utilise \u00e9norm\u00e9ment de technique commune.\u00a0 Guide complet sur la page du 3 https:\/\/www.youtube.com\/watch?v=O1CdgkgLxNY<\/p>\n<p> <a class=\"continue-reading-link\" href=\"https:\/\/www.switchchat.esecetudiant.fr\/index.php\/ratchet-2\/\"><span>Continue reading<\/span><i class=\"crycon-right-dir\"><\/i><\/a> <\/p>\n","protected":false},"author":1,"featured_media":0,"parent":0,"menu_order":0,"comment_status":"closed","ping_status":"open","template":"","meta":{"footnotes":""},"class_list":["post-79","page","type-page","status-publish","hentry"],"_links":{"self":[{"href":"https:\/\/www.switchchat.esecetudiant.fr\/index.php\/wp-json\/wp\/v2\/pages\/79","targetHints":{"allow":["GET"]}}],"collection":[{"href":"https:\/\/www.switchchat.esecetudiant.fr\/index.php\/wp-json\/wp\/v2\/pages"}],"about":[{"href":"https:\/\/www.switchchat.esecetudiant.fr\/index.php\/wp-json\/wp\/v2\/types\/page"}],"author":[{"embeddable":true,"href":"https:\/\/www.switchchat.esecetudiant.fr\/index.php\/wp-json\/wp\/v2\/users\/1"}],"replies":[{"embeddable":true,"href":"https:\/\/www.switchchat.esecetudiant.fr\/index.php\/wp-json\/wp\/v2\/comments?post=79"}],"version-history":[{"count":4,"href":"https:\/\/www.switchchat.esecetudiant.fr\/index.php\/wp-json\/wp\/v2\/pages\/79\/revisions"}],"predecessor-version":[{"id":113,"href":"https:\/\/www.switchchat.esecetudiant.fr\/index.php\/wp-json\/wp\/v2\/pages\/79\/revisions\/113"}],"wp:attachment":[{"href":"https:\/\/www.switchchat.esecetudiant.fr\/index.php\/wp-json\/wp\/v2\/media?parent=79"}],"curies":[{"name":"wp","href":"https:\/\/api.w.org\/{rel}","templated":true}]}}