{"id":78,"date":"2024-12-11T23:16:12","date_gmt":"2024-12-11T22:16:12","guid":{"rendered":"https:\/\/www.switchchat.esecetudiant.fr\/?page_id=78"},"modified":"2024-12-12T16:06:37","modified_gmt":"2024-12-12T15:06:37","slug":"ratchet-1","status":"publish","type":"page","link":"https:\/\/www.switchchat.esecetudiant.fr\/index.php\/ratchet-1\/","title":{"rendered":"Ratchet 1"},"content":{"rendered":"\t\t<div data-elementor-type=\"wp-page\" data-elementor-id=\"78\" class=\"elementor elementor-78\">\n\t\t\t\t<div class=\"elementor-element elementor-element-e771d45 e-grid e-con-boxed e-con e-parent\" data-id=\"e771d45\" data-element_type=\"container\">\n\t\t\t\t\t<div class=\"e-con-inner\">\n\t\t\t\t<div class=\"elementor-element elementor-element-21a9581 elementor-widget elementor-widget-text-editor\" data-id=\"21a9581\" data-element_type=\"widget\" data-widget_type=\"text-editor.default\">\n\t\t\t\t<div class=\"elementor-widget-container\">\n\t\t\t\t\t\t\t<p>Commen\u00e7ons par les bases en apprenant les mouvement et technique du jeux.<br \/><br \/>Voici la vid\u00e9o compl\u00e8te de tout ce dont vous avez besoins\u00a0<\/p>\t\t\t\t\t\t<\/div>\n\t\t\t\t<\/div>\n\t\t\t\t<div class=\"elementor-element elementor-element-e36ce24 elementor-widget elementor-widget-video\" data-id=\"e36ce24\" data-element_type=\"widget\" data-settings=\"{&quot;youtube_url&quot;:&quot;https:\\\/\\\/www.youtube.com\\\/watch?v=V8TG2sCofwM&amp;t=91s&quot;,&quot;video_type&quot;:&quot;youtube&quot;,&quot;controls&quot;:&quot;yes&quot;}\" data-widget_type=\"video.default\">\n\t\t\t\t<div class=\"elementor-widget-container\">\n\t\t\t\t\t<div class=\"elementor-wrapper elementor-open-inline\">\n\t\t\t<div class=\"elementor-video\"><\/div>\t\t<\/div>\n\t\t\t\t<\/div>\n\t\t\t\t<\/div>\n\t\t\t\t\t<\/div>\n\t\t\t\t<\/div>\n\t\t<div class=\"elementor-element elementor-element-32e7fad e-flex e-con-boxed e-con e-parent\" data-id=\"32e7fad\" data-element_type=\"container\">\n\t\t\t\t\t<div class=\"e-con-inner\">\n\t\t\t\t\t<\/div>\n\t\t\t\t<\/div>\n\t\t\t\t<\/div>\n\t\t","protected":false},"excerpt":{"rendered":"<p>Commen\u00e7ons par les bases en apprenant les mouvement et technique du jeux. Voici la vid\u00e9o compl\u00e8te de tout ce dont vous avez besoins\u00a0 https:\/\/www.youtube.com\/watch?v=V8TG2sCofwM&#038;t=91s<\/p>\n<p> <a class=\"continue-reading-link\" href=\"https:\/\/www.switchchat.esecetudiant.fr\/index.php\/ratchet-1\/\"><span>Continue reading<\/span><i class=\"crycon-right-dir\"><\/i><\/a> <\/p>\n","protected":false},"author":1,"featured_media":0,"parent":0,"menu_order":0,"comment_status":"closed","ping_status":"open","template":"","meta":{"footnotes":""},"class_list":["post-78","page","type-page","status-publish","hentry"],"_links":{"self":[{"href":"https:\/\/www.switchchat.esecetudiant.fr\/index.php\/wp-json\/wp\/v2\/pages\/78","targetHints":{"allow":["GET"]}}],"collection":[{"href":"https:\/\/www.switchchat.esecetudiant.fr\/index.php\/wp-json\/wp\/v2\/pages"}],"about":[{"href":"https:\/\/www.switchchat.esecetudiant.fr\/index.php\/wp-json\/wp\/v2\/types\/page"}],"author":[{"embeddable":true,"href":"https:\/\/www.switchchat.esecetudiant.fr\/index.php\/wp-json\/wp\/v2\/users\/1"}],"replies":[{"embeddable":true,"href":"https:\/\/www.switchchat.esecetudiant.fr\/index.php\/wp-json\/wp\/v2\/comments?post=78"}],"version-history":[{"count":10,"href":"https:\/\/www.switchchat.esecetudiant.fr\/index.php\/wp-json\/wp\/v2\/pages\/78\/revisions"}],"predecessor-version":[{"id":144,"href":"https:\/\/www.switchchat.esecetudiant.fr\/index.php\/wp-json\/wp\/v2\/pages\/78\/revisions\/144"}],"wp:attachment":[{"href":"https:\/\/www.switchchat.esecetudiant.fr\/index.php\/wp-json\/wp\/v2\/media?parent=78"}],"curies":[{"name":"wp","href":"https:\/\/api.w.org\/{rel}","templated":true}]}}